{"id":1959,"date":"2019-12-18T18:37:37","date_gmt":"2019-12-18T17:37:37","guid":{"rendered":"http:\/\/lalaproduction.com\/?page_id=1959"},"modified":"2022-08-07T15:26:28","modified_gmt":"2022-08-07T14:26:28","slug":"a-propos","status":"publish","type":"page","link":"https:\/\/www.lalaproduction.com\/?page_id=1959","title":{"rendered":"A propos"},"content":{"rendered":"<p>[et_pb_section fb_built=\u00a0\u00bb1&Prime; _builder_version=\u00a0\u00bb4.0.9&Prime;][et_pb_row column_structure=\u00a0\u00bb3_4,1_4&Prime; _builder_version=\u00a0\u00bb4.0.9&Prime;][et_pb_column type=\u00a0\u00bb3_4&Prime; _builder_version=\u00a0\u00bb4.0.9&Prime;][et_pb_team_member name=\u00a0\u00bbLaura Piette\u00a0\u00bb position=\u00a0\u00bbIllustration\/Animation 2D\u00a0\u00bb image_url=\u00a0\u00bbhttps:\/\/lalaproduction.com\/wp-content\/uploads\/2014\/08\/10616271_10203326727661431_7892216330697786755_n.jpg\u00a0\u00bb _builder_version=\u00a0\u00bb4.0.9&Prime; custom_margin=\u00a0\u00bb|-10px||||\u00a0\u00bb]<\/p>\n<p>&nbsp;<\/p>\n<p>Si une seule chose devait d\u00e9finir\u00a0mon travail et mes passions, ce serait :\u00a0 \u00ab\u00a0Raconter des\u00a0histoires.\u00a0\u00bb<\/p>\n<p>&nbsp;<\/p>\n<p><span style=\"font-size: large;\"><strong><span style=\"text-decoration: underline;\">ETUDES :<\/span><\/strong><\/span><\/p>\n<p>J\u2019ai effectu\u00e9 une qualification en art plastique \u00e0 l\u2019Acad\u00e9mie des Beaux de Tournai, ce qui m\u2019a permis d\u2019emmagasiner un bagage et une sensibilit\u00e9 artistique ;\u00a0J\u2019ai \u00e9galement pu \u00e9tudier le dessin, la peinture et la sculpture.<\/p>\n<p>Ensuite, j\u2019ai fait une formation en cin\u00e9ma \u00e0 Paris, o\u00f9 j\u2019ai pu apprendre \u00e0 construire un sc\u00e9nario, ainsi que les aspects techniques tel que la r\u00e9alisation, le d\u00e9coupage, le cadrage, le montage, etc\u2026<\/p>\n<p>Apr\u00e8s cela, j\u2019ai obtenu mon bachelier avec distinction \u00e0 la Haute Ecole Albert Jacquard de Namur. J\u2019ai ainsi pu apprendre \u00e0 traiter l\u2019art num\u00e9rique sous plusieurs formes, que ce soit dans le milieu du jeu vid\u00e9o, de la photo, du sound design, de l\u2019illustration\u00a0ou de l\u2019animation 2D et 3D.<\/p>\n<p>Durant ma derni\u00e8re ann\u00e9e, j\u2019ai eu la chance d\u2019effectuer un stage en entreprise de trois mois \u00e0 Camera-Etc. Durant ce stage, j\u2019ai appris la technique de la Stop Motion.<\/p>\n<p>J\u2019ai aussi eu le grand honneur de voir mon travail de fin d\u2019\u00e9tude, le court m\u00e9trage en animation 2D \u00ab\u00a0The Old Piano\u00a0\u00bb, projet\u00e9 au Festival International du Film Francophone de Namur (FIFF) \u00e0 l\u2019occasion de la projection Campus, ainsi que dans de nombreux festivals.<\/p>\n<p>Et pour finir, j\u2019ai obtenu une Sp\u00e9cialisation en d\u00e9veloppement de jeux vid\u00e9o \u00e0 la Haute Ecole Albert Jacquard de Namur pour la r\u00e9alisation du jeu \u00a0\u00bb CheeStory \u00ab\u00a0.<\/p>\n<p>&nbsp;<\/p>\n<p><span style=\"text-decoration: underline; font-size: large;\"><strong>EXPERIENCES :<\/strong><\/span><\/p>\n<p>\u00a0&#8211; De Octobre 2021 \u00e0 Aujourd&rsquo;hui : Je travaille comme animatrice cut-out sur la s\u00e9rie anim\u00e9 \u00ab\u00a0<strong>Monster Loving Maniacs<\/strong>\u00a0\u00bb de Rune Christense \u00e0 Dreamwall.\u00a0<\/p>\n<p>&#8211; De F\u00e9vrier 2022 \u00e0 Avril 2022 : J&rsquo;ai enseign\u00e9 \u00e0 temps partiel l&rsquo;animation traditionnelle et cut-out ainsi que le logiciel Toon Boom Harmony \u00e0 la Haute Ecole Albert Jacquard de Namur.\u00a0<\/p>\n<p>&#8211; De Mars 2021 \u00e0 Octobre 2021 : J&rsquo;ai travaill\u00e9 comme animatrice junior et Tie Down sur le long m\u00e9trage \u00ab\u00a0<strong>Titina<\/strong>\u00a0\u00bb de Kajsa Naess, au studio VC Studios en partenariat avec Souza.\u00a0<\/p>\n<p>&#8211; De F\u00e9vrier 2021 \u00e0 Mars 2021 : J&rsquo;ai enseign\u00e9 \u00e0 temps partiel l&rsquo;animation cut-out et le logiciel Toon Boom Harmony \u00e0 la Haute Ecole Albert Jacquard de Namur.<\/p>\n<p><span class=\"background-details\">&#8211; De Janvier 2020 \u00e0 Novembre 2020 : J&rsquo;ai travaill\u00e9 comme assistante animatrice Tie-Down sur le long m\u00e9trage \u00ab\u00a0<strong>Where is Anne Franck<\/strong>\u00a0\u00bb de Ari Folman \u00e0 Enclume Animation en partenariat avec Walking the Dog. <br \/><\/span><\/p>\n<p><span class=\"background-details\">&#8211; De Septembre 2019 \u00e0 F\u00e9vrier 2020 (temps partiel) : J&rsquo;ai travaill\u00e9 comme assistante animatrice cleaner pour le court m\u00e9trage \u00ab\u00a0<strong>Easter Eggs<\/strong>\u00a0\u00bb de Nicolas Keppens. \u00e0 Animal Tank<br \/><\/span><\/p>\n<p><span class=\"background-details\">&#8211; De Ao\u00fbt 2019 \u00e0 Janvier 2020 : J&rsquo;ai travaill\u00e9 comme animatrice Senior sur la s\u00e9rie anim\u00e9e \u00ab\u00a0<strong>Grosha&amp;Mr.B<\/strong>\u00a0\u00bb de Pierre Cor\u00e9 \u00e0 Enclume Animation. <br \/><\/span><\/p>\n<p><span class=\"background-details\">&#8211; De Octobre 2018 \u00e0 Juillet 2019 : J&rsquo;ai travaill\u00e9 comme animatrice Junior sur la s\u00e9rie anim\u00e9e \u00ab\u00a0<strong>Grosha&amp;Mr.B<\/strong>\u00a0\u00bb de Pierre Cor\u00e9 \u00e0 Enclume Animation.<\/span><\/p>\n<p>&#8211; De Octobre 2017 \u00e0 Septembre 2018 : J&rsquo;ai travaill\u00e9 comme assistante animatrice cleaner pour le long m\u00e9trage \u00ab\u00a0<strong>Petit Vampire<\/strong>\u00a0\u00bb de <span class=\"background-details\">Joann Sfar \u00e0 Enclume Animation.<\/span><\/p>\n<p><span class=\"background-details\">&#8211; De Novembre 2015 \u00e0 F\u00e9vrier 2016 : J&rsquo;ai effectu\u00e9 un stage au sein de Camera-ETC \u00e0 Li\u00e8ge.<\/span><\/p>\n<p><span class=\"background-details\">&#8211; De Juillet 2011 \u00e0 D\u00e9cembre 2016 : J&rsquo;ai travaill\u00e9 comme Jobiste \u00e9tudiante chez Colruyt Group au Colruyt de Bierghes et de Salzinne. <br \/><\/span><\/p>\n<p><span class=\"background-details\">\u00a0<\/span><span class=\"background-details\"><\/span>\u00a0<\/p>\n<p><span style=\"text-decoration: underline; font-size: large;\"><strong>AUTRES :<\/strong><\/span><\/p>\n<p>Je pratique \u00e9galement la musique, ainsi que l\u2019\u00e9criture qui est l\u2019une de mes principales passions.<\/p>\n<p>[\/et_pb_team_member][\/et_pb_column][et_pb_column type=\u00a0\u00bb1_4&Prime; _builder_version=\u00a0\u00bb4.0.9&Prime;][et_pb_text _builder_version=\u00a0\u00bb4.0.9&Prime;]<\/p>\n<p><span style=\"font-size: large;\">\u00a0Logiciels utilis\u00e9s:<\/span><\/p>\n<p>\u2013 Toonboom Harmony<br \/>\u2013 TVPaint Pro<\/p>\n<p>\u2013 Adobe Photoshop<br \/>\u2013 Adobe After Effect<br \/>\u2013 Adobe Premier Pro<br \/>\u2013 Adobe Illustrator<br \/>\u2013 Adobe Flash\/Animate<br \/>\u2013 Adobe inDesign<\/p>\n<p>&nbsp;<\/p>\n<p>\u2013 Vegas Pro<br \/>\u2013 Rebelle 3<br \/>\u2013 Blender<\/p>\n<p>[\/et_pb_text][\/et_pb_column][\/et_pb_row][\/et_pb_section]<\/p>\n","protected":false},"excerpt":{"rendered":"<p>&nbsp; Si une seule chose devait d\u00e9finir\u00a0mon travail et mes passions, ce serait :\u00a0 \u00ab\u00a0Raconter des\u00a0histoires.\u00a0\u00bb &nbsp; ETUDES : J\u2019ai effectu\u00e9 une qualification en art plastique \u00e0 l\u2019Acad\u00e9mie des Beaux de Tournai, ce qui m\u2019a permis d\u2019emmagasiner un bagage et une sensibilit\u00e9 artistique ;\u00a0J\u2019ai \u00e9galement pu \u00e9tudier le dessin, la peinture et la sculpture. Ensuite, [&hellip;]<\/p>\n","protected":false},"author":1,"featured_media":0,"parent":0,"menu_order":0,"comment_status":"closed","ping_status":"closed","template":"","meta":{"_et_pb_use_builder":"on","_et_pb_old_content":"","_et_gb_content_width":"","footnotes":""},"_links":{"self":[{"href":"https:\/\/www.lalaproduction.com\/index.php?rest_route=\/wp\/v2\/pages\/1959"}],"collection":[{"href":"https:\/\/www.lalaproduction.com\/index.php?rest_route=\/wp\/v2\/pages"}],"about":[{"href":"https:\/\/www.lalaproduction.com\/index.php?rest_route=\/wp\/v2\/types\/page"}],"author":[{"embeddable":true,"href":"https:\/\/www.lalaproduction.com\/index.php?rest_route=\/wp\/v2\/users\/1"}],"replies":[{"embeddable":true,"href":"https:\/\/www.lalaproduction.com\/index.php?rest_route=%2Fwp%2Fv2%2Fcomments&post=1959"}],"version-history":[{"count":2,"href":"https:\/\/www.lalaproduction.com\/index.php?rest_route=\/wp\/v2\/pages\/1959\/revisions"}],"predecessor-version":[{"id":2191,"href":"https:\/\/www.lalaproduction.com\/index.php?rest_route=\/wp\/v2\/pages\/1959\/revisions\/2191"}],"wp:attachment":[{"href":"https:\/\/www.lalaproduction.com\/index.php?rest_route=%2Fwp%2Fv2%2Fmedia&parent=1959"}],"curies":[{"name":"wp","href":"https:\/\/api.w.org\/{rel}","templated":true}]}}